{"id":25609,"date":"2026-01-14T16:35:15","date_gmt":"2026-01-14T15:35:15","guid":{"rendered":"https:\/\/tavan.es\/?post_type=product&#038;p=25609"},"modified":"2026-01-29T01:22:33","modified_gmt":"2026-01-29T00:22:33","slug":"alian-king-plus","status":"publish","type":"product","link":"https:\/\/tavan.es\/en\/product\/alian-king-plus\/","title":{"rendered":"Alian King Plus"},"content":{"rendered":"","protected":false},"excerpt":{"rendered":"<p>Biotechnological product that achieves a considerable improvement of the crop due to its contribution of micro nutrients.<\/p>","protected":false},"featured_media":25621,"template":"","meta":{"_joinchat":[]},"product_brand":[],"product_cat":[221,229],"product_tag":[],"class_list":{"0":"post-25609","1":"product","2":"type-product","3":"status-publish","4":"has-post-thumbnail","6":"product_cat-agricultura","7":"product_cat-plagas","9":"first","10":"instock","11":"shipping-taxable","12":"product-type-simple"},"yoast_head":"<!-- This site is optimized with the Yoast SEO plugin v27.3 - https:\/\/yoast.com\/product\/yoast-seo-wordpress\/ -->\n<title>Alian King Plus - TAVAN | Tecnolog\u00edas Avanzadas Agr\u00edcolas<\/title>\n<meta name=\"robots\" content=\"index, follow, max-snippet:-1, max-image-preview:large, max-video-preview:-1\" \/>\n<link rel=\"canonical\" href=\"https:\/\/tavan.es\/en\/product\/alian-king-plus\/\" \/>\n<meta property=\"og:locale\" content=\"en_US\" \/>\n<meta property=\"og:type\" content=\"article\" \/>\n<meta property=\"og:title\" content=\"Alian King Plus - TAVAN | Tecnolog\u00edas Avanzadas Agr\u00edcolas\" \/>\n<meta property=\"og:description\" content=\"Producto biotecnol\u00f3gico que consigue una mejora considerable del cultivo por su aporte de micro nutrientes.\" \/>\n<meta property=\"og:url\" content=\"https:\/\/tavan.es\/en\/product\/alian-king-plus\/\" \/>\n<meta property=\"og:site_name\" content=\"TAVAN | Tecnolog\u00edas Avanzadas Agr\u00edcolas\" \/>\n<meta property=\"article:modified_time\" content=\"2026-01-29T00:22:33+00:00\" \/>\n<meta property=\"og:image\" content=\"https:\/\/tavan.es\/wp-content\/uploads\/2023\/05\/2.png\" \/>\n\t<meta property=\"og:image:width\" content=\"300\" \/>\n\t<meta property=\"og:image:height\" content=\"300\" \/>\n\t<meta property=\"og:image:type\" content=\"image\/png\" \/>\n<meta name=\"twitter:card\" content=\"summary_large_image\" \/>\n<script type=\"application\/ld+json\" class=\"yoast-schema-graph\">{\"@context\":\"https:\\\/\\\/schema.org\",\"@graph\":[{\"@type\":\"WebPage\",\"@id\":\"https:\\\/\\\/tavan.es\\\/product\\\/alian-king-plus\\\/\",\"url\":\"https:\\\/\\\/tavan.es\\\/product\\\/alian-king-plus\\\/\",\"name\":\"Alian King Plus - TAVAN | Tecnolog\u00edas Avanzadas Agr\u00edcolas\",\"isPartOf\":{\"@id\":\"https:\\\/\\\/tavan.es\\\/#website\"},\"primaryImageOfPage\":{\"@id\":\"https:\\\/\\\/tavan.es\\\/product\\\/alian-king-plus\\\/#primaryimage\"},\"image\":{\"@id\":\"https:\\\/\\\/tavan.es\\\/product\\\/alian-king-plus\\\/#primaryimage\"},\"thumbnailUrl\":\"https:\\\/\\\/tavan.es\\\/wp-content\\\/uploads\\\/2023\\\/05\\\/2.png\",\"datePublished\":\"2026-01-14T15:35:15+00:00\",\"dateModified\":\"2026-01-29T00:22:33+00:00\",\"breadcrumb\":{\"@id\":\"https:\\\/\\\/tavan.es\\\/product\\\/alian-king-plus\\\/#breadcrumb\"},\"inLanguage\":\"en-US\",\"potentialAction\":[{\"@type\":\"ReadAction\",\"target\":[\"https:\\\/\\\/tavan.es\\\/product\\\/alian-king-plus\\\/\"]}]},{\"@type\":\"ImageObject\",\"inLanguage\":\"en-US\",\"@id\":\"https:\\\/\\\/tavan.es\\\/product\\\/alian-king-plus\\\/#primaryimage\",\"url\":\"https:\\\/\\\/tavan.es\\\/wp-content\\\/uploads\\\/2023\\\/05\\\/2.png\",\"contentUrl\":\"https:\\\/\\\/tavan.es\\\/wp-content\\\/uploads\\\/2023\\\/05\\\/2.png\",\"width\":300,\"height\":300},{\"@type\":\"BreadcrumbList\",\"@id\":\"https:\\\/\\\/tavan.es\\\/product\\\/alian-king-plus\\\/#breadcrumb\",\"itemListElement\":[{\"@type\":\"ListItem\",\"position\":1,\"name\":\"Portada\",\"item\":\"https:\\\/\\\/tavan.es\\\/\"},{\"@type\":\"ListItem\",\"position\":2,\"name\":\"Shop\",\"item\":\"https:\\\/\\\/tavan.es\\\/shop\\\/\"},{\"@type\":\"ListItem\",\"position\":3,\"name\":\"Alian King Plus\"}]},{\"@type\":\"WebSite\",\"@id\":\"https:\\\/\\\/tavan.es\\\/#website\",\"url\":\"https:\\\/\\\/tavan.es\\\/\",\"name\":\"TAVAN | Tecnolog\u00edas Avanzadas Agr\u00edcolas\",\"description\":\"Personalizamos soluciones biotecnol\u00f3gicas para optimizar el rendimiento y sostenibilidad de los cultivos.\",\"publisher\":{\"@id\":\"https:\\\/\\\/tavan.es\\\/#organization\"},\"potentialAction\":[{\"@type\":\"SearchAction\",\"target\":{\"@type\":\"EntryPoint\",\"urlTemplate\":\"https:\\\/\\\/tavan.es\\\/?s={search_term_string}\"},\"query-input\":{\"@type\":\"PropertyValueSpecification\",\"valueRequired\":true,\"valueName\":\"search_term_string\"}}],\"inLanguage\":\"en-US\"},{\"@type\":\"Organization\",\"@id\":\"https:\\\/\\\/tavan.es\\\/#organization\",\"name\":\"TAVAN | Tecnolog\u00edas Avanzadas Agr\u00edcolas\",\"url\":\"https:\\\/\\\/tavan.es\\\/\",\"logo\":{\"@type\":\"ImageObject\",\"inLanguage\":\"en-US\",\"@id\":\"https:\\\/\\\/tavan.es\\\/#\\\/schema\\\/logo\\\/image\\\/\",\"url\":\"https:\\\/\\\/tavan.es\\\/wp-content\\\/uploads\\\/2022\\\/11\\\/cropped-LOGO-NUEVO-TAVAN-HORIZONTAL-SIN-FONDO.png\",\"contentUrl\":\"https:\\\/\\\/tavan.es\\\/wp-content\\\/uploads\\\/2022\\\/11\\\/cropped-LOGO-NUEVO-TAVAN-HORIZONTAL-SIN-FONDO.png\",\"width\":470,\"height\":149,\"caption\":\"TAVAN | Tecnolog\u00edas Avanzadas Agr\u00edcolas\"},\"image\":{\"@id\":\"https:\\\/\\\/tavan.es\\\/#\\\/schema\\\/logo\\\/image\\\/\"}}]}<\/script>\n<!-- \/ Yoast SEO plugin. -->","yoast_head_json":{"title":"Alian King Plus - TAVAN | Advanced Agricultural Technologies","robots":{"index":"index","follow":"follow","max-snippet":"max-snippet:-1","max-image-preview":"max-image-preview:large","max-video-preview":"max-video-preview:-1"},"canonical":"https:\/\/tavan.es\/en\/product\/alian-king-plus\/","og_locale":"en_US","og_type":"article","og_title":"Alian King Plus - TAVAN | Tecnolog\u00edas Avanzadas Agr\u00edcolas","og_description":"Producto biotecnol\u00f3gico que consigue una mejora considerable del cultivo por su aporte de micro nutrientes.","og_url":"https:\/\/tavan.es\/en\/product\/alian-king-plus\/","og_site_name":"TAVAN | Tecnolog\u00edas Avanzadas Agr\u00edcolas","article_modified_time":"2026-01-29T00:22:33+00:00","og_image":[{"width":300,"height":300,"url":"https:\/\/tavan.es\/wp-content\/uploads\/2023\/05\/2.png","type":"image\/png"}],"twitter_card":"summary_large_image","schema":{"@context":"https:\/\/schema.org","@graph":[{"@type":"WebPage","@id":"https:\/\/tavan.es\/product\/alian-king-plus\/","url":"https:\/\/tavan.es\/product\/alian-king-plus\/","name":"Alian King Plus - TAVAN | Advanced Agricultural Technologies","isPartOf":{"@id":"https:\/\/tavan.es\/#website"},"primaryImageOfPage":{"@id":"https:\/\/tavan.es\/product\/alian-king-plus\/#primaryimage"},"image":{"@id":"https:\/\/tavan.es\/product\/alian-king-plus\/#primaryimage"},"thumbnailUrl":"https:\/\/tavan.es\/wp-content\/uploads\/2023\/05\/2.png","datePublished":"2026-01-14T15:35:15+00:00","dateModified":"2026-01-29T00:22:33+00:00","breadcrumb":{"@id":"https:\/\/tavan.es\/product\/alian-king-plus\/#breadcrumb"},"inLanguage":"en-US","potentialAction":[{"@type":"ReadAction","target":["https:\/\/tavan.es\/product\/alian-king-plus\/"]}]},{"@type":"ImageObject","inLanguage":"en-US","@id":"https:\/\/tavan.es\/product\/alian-king-plus\/#primaryimage","url":"https:\/\/tavan.es\/wp-content\/uploads\/2023\/05\/2.png","contentUrl":"https:\/\/tavan.es\/wp-content\/uploads\/2023\/05\/2.png","width":300,"height":300},{"@type":"BreadcrumbList","@id":"https:\/\/tavan.es\/product\/alian-king-plus\/#breadcrumb","itemListElement":[{"@type":"ListItem","position":1,"name":"Portada","item":"https:\/\/tavan.es\/"},{"@type":"ListItem","position":2,"name":"Shop","item":"https:\/\/tavan.es\/shop\/"},{"@type":"ListItem","position":3,"name":"Alian King Plus"}]},{"@type":"WebSite","@id":"https:\/\/tavan.es\/#website","url":"https:\/\/tavan.es\/","name":"TAVAN - Advanced Agricultural Technologies","description":"We customize biotechnological solutions to optimize crop yield and sustainability.","publisher":{"@id":"https:\/\/tavan.es\/#organization"},"potentialAction":[{"@type":"SearchAction","target":{"@type":"EntryPoint","urlTemplate":"https:\/\/tavan.es\/?s={search_term_string}"},"query-input":{"@type":"PropertyValueSpecification","valueRequired":true,"valueName":"search_term_string"}}],"inLanguage":"en-US"},{"@type":"Organization","@id":"https:\/\/tavan.es\/#organization","name":"TAVAN - Advanced Agricultural Technologies","url":"https:\/\/tavan.es\/","logo":{"@type":"ImageObject","inLanguage":"en-US","@id":"https:\/\/tavan.es\/#\/schema\/logo\/image\/","url":"https:\/\/tavan.es\/wp-content\/uploads\/2022\/11\/cropped-LOGO-NUEVO-TAVAN-HORIZONTAL-SIN-FONDO.png","contentUrl":"https:\/\/tavan.es\/wp-content\/uploads\/2022\/11\/cropped-LOGO-NUEVO-TAVAN-HORIZONTAL-SIN-FONDO.png","width":470,"height":149,"caption":"TAVAN | Tecnolog\u00edas Avanzadas Agr\u00edcolas"},"image":{"@id":"https:\/\/tavan.es\/#\/schema\/logo\/image\/"}}]}},"_links":{"self":[{"href":"https:\/\/tavan.es\/en\/wp-json\/wp\/v2\/product\/25609","targetHints":{"allow":["GET"]}}],"collection":[{"href":"https:\/\/tavan.es\/en\/wp-json\/wp\/v2\/product"}],"about":[{"href":"https:\/\/tavan.es\/en\/wp-json\/wp\/v2\/types\/product"}],"wp:featuredmedia":[{"embeddable":true,"href":"https:\/\/tavan.es\/en\/wp-json\/wp\/v2\/media\/25621"}],"wp:attachment":[{"href":"https:\/\/tavan.es\/en\/wp-json\/wp\/v2\/media?parent=25609"}],"wp:term":[{"taxonomy":"product_brand","embeddable":true,"href":"https:\/\/tavan.es\/en\/wp-json\/wp\/v2\/product_brand?post=25609"},{"taxonomy":"product_cat","embeddable":true,"href":"https:\/\/tavan.es\/en\/wp-json\/wp\/v2\/product_cat?post=25609"},{"taxonomy":"product_tag","embeddable":true,"href":"https:\/\/tavan.es\/en\/wp-json\/wp\/v2\/product_tag?post=25609"}],"curies":[{"name":"wp","href":"https:\/\/api.w.org\/{rel}","templated":true}]}}