{"id":24155,"date":"2023-05-24T09:54:41","date_gmt":"2023-05-24T09:54:41","guid":{"rendered":"https:\/\/tavan.zeromedia.es\/?post_type=product&#038;p=24155"},"modified":"2026-01-15T11:54:56","modified_gmt":"2026-01-15T10:54:56","slug":"tavan-roots","status":"publish","type":"product","link":"https:\/\/tavan.es\/en\/product\/tavan-roots\/","title":{"rendered":"Tavan Roots"},"content":{"rendered":"<p>Tavan Roots is a compound of easy assimilation specially designed for its application via root application, since<br \/>\nwhich favors the development and growth of the trophic organs of the plant, especially the absorbing hairs.<br \/>\nIt is especially indicated at the time of sowing, transplanting and in the early stages of cultivation. On<br \/>\nplantations affected by pathogen attack via the soil acts as a regenerator of the root system.<\/p>\n<p>- Credit memo, according to RD 506\/2013.<\/p>\n<p>&nbsp;<\/p>\n<p><strong>GUARANTEED CONTENTS<\/strong><\/p>\n<p>Free amino acids (from the hydrolysis of vegetable proteins) 2.5% w\/w<br \/>\nTotal Nitrogen (0.8% Norganic) 2.0% w\/w<br \/>\nPotassium (K2O), water soluble 5.0% w\/w<br \/>\nAminogram: Ala, Asp, Glu, Gly, Pro, Ser, Tre<br \/>\npH 10<\/p>\n<p>&nbsp;<\/p>","protected":false},"excerpt":{"rendered":"<p>Tavan Roots es un compuesto de f\u00e1cil asimilaci\u00f3n especialmente dise\u00f1ado para su aplicaci\u00f3n v\u00eda radicular, ya que favorece el desarrollo y crecimiento de los \u00f3rganos tr\u00f3ficos de la planta, en&hellip;<\/p>","protected":false},"featured_media":25641,"template":"","meta":{"_joinchat":[]},"product_brand":[],"product_cat":[221,228],"product_tag":[],"class_list":{"0":"post-24155","1":"product","2":"type-product","3":"status-publish","4":"has-post-thumbnail","6":"product_cat-agricultura","7":"product_cat-optimizacion-de-suelo","9":"first","10":"instock","11":"shipping-taxable","12":"product-type-simple"},"yoast_head":"<!-- This site is optimized with the Yoast SEO plugin v27.4 - https:\/\/yoast.com\/product\/yoast-seo-wordpress\/ -->\n<title>Tavan Roots - TAVAN | Tecnolog\u00edas Avanzadas Agr\u00edcolas<\/title>\n<meta name=\"robots\" content=\"index, follow, max-snippet:-1, max-image-preview:large, max-video-preview:-1\" \/>\n<link rel=\"canonical\" href=\"https:\/\/tavan.es\/en\/product\/tavan-roots\/\" \/>\n<meta property=\"og:locale\" content=\"en_US\" \/>\n<meta property=\"og:type\" content=\"article\" \/>\n<meta property=\"og:title\" content=\"Tavan Roots - TAVAN | Tecnolog\u00edas Avanzadas Agr\u00edcolas\" \/>\n<meta property=\"og:description\" content=\"Tavan Roots es un compuesto de f\u00e1cil asimilaci\u00f3n especialmente dise\u00f1ado para su aplicaci\u00f3n v\u00eda radicular, ya que favorece el desarrollo y crecimiento de los \u00f3rganos tr\u00f3ficos de la planta, en&hellip;\" \/>\n<meta property=\"og:url\" content=\"https:\/\/tavan.es\/en\/product\/tavan-roots\/\" \/>\n<meta property=\"og:site_name\" content=\"TAVAN | Tecnolog\u00edas Avanzadas Agr\u00edcolas\" \/>\n<meta property=\"article:modified_time\" content=\"2026-01-15T10:54:56+00:00\" \/>\n<meta property=\"og:image\" content=\"https:\/\/tavan.es\/wp-content\/uploads\/2023\/05\/48.png\" \/>\n\t<meta property=\"og:image:width\" content=\"300\" \/>\n\t<meta property=\"og:image:height\" content=\"300\" \/>\n\t<meta property=\"og:image:type\" content=\"image\/png\" \/>\n<meta name=\"twitter:card\" content=\"summary_large_image\" \/>\n<meta name=\"twitter:label1\" content=\"Est. reading time\" \/>\n\t<meta name=\"twitter:data1\" content=\"1 minute\" \/>\n<script type=\"application\/ld+json\" class=\"yoast-schema-graph\">{\"@context\":\"https:\\\/\\\/schema.org\",\"@graph\":[{\"@type\":\"WebPage\",\"@id\":\"https:\\\/\\\/tavan.es\\\/product\\\/tavan-roots\\\/\",\"url\":\"https:\\\/\\\/tavan.es\\\/product\\\/tavan-roots\\\/\",\"name\":\"Tavan Roots - TAVAN | Tecnolog\u00edas Avanzadas Agr\u00edcolas\",\"isPartOf\":{\"@id\":\"https:\\\/\\\/tavan.es\\\/#website\"},\"primaryImageOfPage\":{\"@id\":\"https:\\\/\\\/tavan.es\\\/product\\\/tavan-roots\\\/#primaryimage\"},\"image\":{\"@id\":\"https:\\\/\\\/tavan.es\\\/product\\\/tavan-roots\\\/#primaryimage\"},\"thumbnailUrl\":\"https:\\\/\\\/tavan.es\\\/wp-content\\\/uploads\\\/2023\\\/05\\\/48.png\",\"datePublished\":\"2023-05-24T09:54:41+00:00\",\"dateModified\":\"2026-01-15T10:54:56+00:00\",\"breadcrumb\":{\"@id\":\"https:\\\/\\\/tavan.es\\\/product\\\/tavan-roots\\\/#breadcrumb\"},\"inLanguage\":\"en-US\",\"potentialAction\":[{\"@type\":\"ReadAction\",\"target\":[\"https:\\\/\\\/tavan.es\\\/product\\\/tavan-roots\\\/\"]}]},{\"@type\":\"ImageObject\",\"inLanguage\":\"en-US\",\"@id\":\"https:\\\/\\\/tavan.es\\\/product\\\/tavan-roots\\\/#primaryimage\",\"url\":\"https:\\\/\\\/tavan.es\\\/wp-content\\\/uploads\\\/2023\\\/05\\\/48.png\",\"contentUrl\":\"https:\\\/\\\/tavan.es\\\/wp-content\\\/uploads\\\/2023\\\/05\\\/48.png\",\"width\":300,\"height\":300},{\"@type\":\"BreadcrumbList\",\"@id\":\"https:\\\/\\\/tavan.es\\\/product\\\/tavan-roots\\\/#breadcrumb\",\"itemListElement\":[{\"@type\":\"ListItem\",\"position\":1,\"name\":\"Portada\",\"item\":\"https:\\\/\\\/tavan.es\\\/\"},{\"@type\":\"ListItem\",\"position\":2,\"name\":\"Shop\",\"item\":\"https:\\\/\\\/tavan.es\\\/shop\\\/\"},{\"@type\":\"ListItem\",\"position\":3,\"name\":\"Tavan Roots\"}]},{\"@type\":\"WebSite\",\"@id\":\"https:\\\/\\\/tavan.es\\\/#website\",\"url\":\"https:\\\/\\\/tavan.es\\\/\",\"name\":\"TAVAN | Tecnolog\u00edas Avanzadas Agr\u00edcolas\",\"description\":\"Personalizamos soluciones biotecnol\u00f3gicas para optimizar el rendimiento y sostenibilidad de los cultivos.\",\"publisher\":{\"@id\":\"https:\\\/\\\/tavan.es\\\/#organization\"},\"potentialAction\":[{\"@type\":\"SearchAction\",\"target\":{\"@type\":\"EntryPoint\",\"urlTemplate\":\"https:\\\/\\\/tavan.es\\\/?s={search_term_string}\"},\"query-input\":{\"@type\":\"PropertyValueSpecification\",\"valueRequired\":true,\"valueName\":\"search_term_string\"}}],\"inLanguage\":\"en-US\"},{\"@type\":\"Organization\",\"@id\":\"https:\\\/\\\/tavan.es\\\/#organization\",\"name\":\"TAVAN | Tecnolog\u00edas Avanzadas Agr\u00edcolas\",\"url\":\"https:\\\/\\\/tavan.es\\\/\",\"logo\":{\"@type\":\"ImageObject\",\"inLanguage\":\"en-US\",\"@id\":\"https:\\\/\\\/tavan.es\\\/#\\\/schema\\\/logo\\\/image\\\/\",\"url\":\"https:\\\/\\\/tavan.es\\\/wp-content\\\/uploads\\\/2022\\\/11\\\/cropped-LOGO-NUEVO-TAVAN-HORIZONTAL-SIN-FONDO.png\",\"contentUrl\":\"https:\\\/\\\/tavan.es\\\/wp-content\\\/uploads\\\/2022\\\/11\\\/cropped-LOGO-NUEVO-TAVAN-HORIZONTAL-SIN-FONDO.png\",\"width\":470,\"height\":149,\"caption\":\"TAVAN | Tecnolog\u00edas Avanzadas Agr\u00edcolas\"},\"image\":{\"@id\":\"https:\\\/\\\/tavan.es\\\/#\\\/schema\\\/logo\\\/image\\\/\"}}]}<\/script>\n<!-- \/ Yoast SEO plugin. -->","yoast_head_json":{"title":"Tavan Roots - TAVAN | Advanced Agricultural Technologies","robots":{"index":"index","follow":"follow","max-snippet":"max-snippet:-1","max-image-preview":"max-image-preview:large","max-video-preview":"max-video-preview:-1"},"canonical":"https:\/\/tavan.es\/en\/product\/tavan-roots\/","og_locale":"en_US","og_type":"article","og_title":"Tavan Roots - TAVAN | Tecnolog\u00edas Avanzadas Agr\u00edcolas","og_description":"Tavan Roots es un compuesto de f\u00e1cil asimilaci\u00f3n especialmente dise\u00f1ado para su aplicaci\u00f3n v\u00eda radicular, ya que favorece el desarrollo y crecimiento de los \u00f3rganos tr\u00f3ficos de la planta, en&hellip;","og_url":"https:\/\/tavan.es\/en\/product\/tavan-roots\/","og_site_name":"TAVAN | Tecnolog\u00edas Avanzadas Agr\u00edcolas","article_modified_time":"2026-01-15T10:54:56+00:00","og_image":[{"width":300,"height":300,"url":"https:\/\/tavan.es\/wp-content\/uploads\/2023\/05\/48.png","type":"image\/png"}],"twitter_card":"summary_large_image","twitter_misc":{"Est. reading time":"1 minute"},"schema":{"@context":"https:\/\/schema.org","@graph":[{"@type":"WebPage","@id":"https:\/\/tavan.es\/product\/tavan-roots\/","url":"https:\/\/tavan.es\/product\/tavan-roots\/","name":"Tavan Roots - TAVAN | Advanced Agricultural Technologies","isPartOf":{"@id":"https:\/\/tavan.es\/#website"},"primaryImageOfPage":{"@id":"https:\/\/tavan.es\/product\/tavan-roots\/#primaryimage"},"image":{"@id":"https:\/\/tavan.es\/product\/tavan-roots\/#primaryimage"},"thumbnailUrl":"https:\/\/tavan.es\/wp-content\/uploads\/2023\/05\/48.png","datePublished":"2023-05-24T09:54:41+00:00","dateModified":"2026-01-15T10:54:56+00:00","breadcrumb":{"@id":"https:\/\/tavan.es\/product\/tavan-roots\/#breadcrumb"},"inLanguage":"en-US","potentialAction":[{"@type":"ReadAction","target":["https:\/\/tavan.es\/product\/tavan-roots\/"]}]},{"@type":"ImageObject","inLanguage":"en-US","@id":"https:\/\/tavan.es\/product\/tavan-roots\/#primaryimage","url":"https:\/\/tavan.es\/wp-content\/uploads\/2023\/05\/48.png","contentUrl":"https:\/\/tavan.es\/wp-content\/uploads\/2023\/05\/48.png","width":300,"height":300},{"@type":"BreadcrumbList","@id":"https:\/\/tavan.es\/product\/tavan-roots\/#breadcrumb","itemListElement":[{"@type":"ListItem","position":1,"name":"Portada","item":"https:\/\/tavan.es\/"},{"@type":"ListItem","position":2,"name":"Shop","item":"https:\/\/tavan.es\/shop\/"},{"@type":"ListItem","position":3,"name":"Tavan Roots"}]},{"@type":"WebSite","@id":"https:\/\/tavan.es\/#website","url":"https:\/\/tavan.es\/","name":"TAVAN - Advanced Agricultural Technologies","description":"We customize biotechnological solutions to optimize crop yield and sustainability.","publisher":{"@id":"https:\/\/tavan.es\/#organization"},"potentialAction":[{"@type":"SearchAction","target":{"@type":"EntryPoint","urlTemplate":"https:\/\/tavan.es\/?s={search_term_string}"},"query-input":{"@type":"PropertyValueSpecification","valueRequired":true,"valueName":"search_term_string"}}],"inLanguage":"en-US"},{"@type":"Organization","@id":"https:\/\/tavan.es\/#organization","name":"TAVAN - Advanced Agricultural Technologies","url":"https:\/\/tavan.es\/","logo":{"@type":"ImageObject","inLanguage":"en-US","@id":"https:\/\/tavan.es\/#\/schema\/logo\/image\/","url":"https:\/\/tavan.es\/wp-content\/uploads\/2022\/11\/cropped-LOGO-NUEVO-TAVAN-HORIZONTAL-SIN-FONDO.png","contentUrl":"https:\/\/tavan.es\/wp-content\/uploads\/2022\/11\/cropped-LOGO-NUEVO-TAVAN-HORIZONTAL-SIN-FONDO.png","width":470,"height":149,"caption":"TAVAN | Tecnolog\u00edas Avanzadas Agr\u00edcolas"},"image":{"@id":"https:\/\/tavan.es\/#\/schema\/logo\/image\/"}}]}},"_links":{"self":[{"href":"https:\/\/tavan.es\/en\/wp-json\/wp\/v2\/product\/24155","targetHints":{"allow":["GET"]}}],"collection":[{"href":"https:\/\/tavan.es\/en\/wp-json\/wp\/v2\/product"}],"about":[{"href":"https:\/\/tavan.es\/en\/wp-json\/wp\/v2\/types\/product"}],"wp:featuredmedia":[{"embeddable":true,"href":"https:\/\/tavan.es\/en\/wp-json\/wp\/v2\/media\/25641"}],"wp:attachment":[{"href":"https:\/\/tavan.es\/en\/wp-json\/wp\/v2\/media?parent=24155"}],"wp:term":[{"taxonomy":"product_brand","embeddable":true,"href":"https:\/\/tavan.es\/en\/wp-json\/wp\/v2\/product_brand?post=24155"},{"taxonomy":"product_cat","embeddable":true,"href":"https:\/\/tavan.es\/en\/wp-json\/wp\/v2\/product_cat?post=24155"},{"taxonomy":"product_tag","embeddable":true,"href":"https:\/\/tavan.es\/en\/wp-json\/wp\/v2\/product_tag?post=24155"}],"curies":[{"name":"wp","href":"https:\/\/api.w.org\/{rel}","templated":true}]}}