{"id":24135,"date":"2023-05-24T09:40:35","date_gmt":"2023-05-24T09:40:35","guid":{"rendered":"https:\/\/tavan.zeromedia.es\/?post_type=product&#038;p=24135"},"modified":"2026-01-28T22:29:28","modified_gmt":"2026-01-28T21:29:28","slug":"wert","status":"publish","type":"product","link":"https:\/\/tavan.es\/en\/product\/wert\/","title":{"rendered":"Wert"},"content":{"rendered":"<p>It is a compound that incorporates in its formulation different synthesis by-products that have the ability to<br \/>\nto enhance the plant immune response by stiffening the plant cell membranes provided by the plant.<br \/>\nhigh resistance to fungal and bacterial colonization<br \/>\nIts composition guarantees an easy absorption provided high mobility by raw and processed sap.<br \/>\nAllowing the product to be absorbed and translocated even during periods of dormancy.<\/p>\n<p>- EC fertilizer, according to EU Regulation 2019\/1009.<br \/>\n- Product complies with the European organic farming regulation (EU) 2018\/848.<br \/>\nAmerican regulation NOP (National Organic Program)<\/p>\n<p>&nbsp;<\/p>\n<p><strong>GUARANTEED CONTENTS<\/strong><\/p>\n<p>Mineral fertilizer based on micronutrients in solution:<br \/>\nCopper (Cu), as sulfate, water-soluble 4.0% w\/w<br \/>\nManganese (Mn), as a sulfate, water-soluble 1.0% w\/w<br \/>\nZinc (Zn), as a sulfate, water-soluble 0.5% w\/w<\/p>\n<p><strong>Ingredients:<\/strong> copper sulfate pentahydrate1 (CAS No 7758-99-8) and citric acid monohydrate1(CAS No 5949-29-1).<\/p>\n<p>1CMC 1: Substances and mixtures of virgin materials<\/p>\n<p><a href=\"https:\/\/tavan.es\/wp-content\/uploads\/2023\/05\/TVN_Wert_Ficha-Reglamentaria.pdf\">R. WERT FILE <\/a><\/p>","protected":false},"excerpt":{"rendered":"<p>It is a compound that incorporates in its formulation different synthesis by-products that have the ability to increase the plant immune response by hardening the cell membranes of the plant provided with...<\/p>","protected":false},"featured_media":25644,"template":"","meta":{"_joinchat":[]},"product_brand":[],"product_cat":[221,238,227],"product_tag":[243],"class_list":{"0":"post-24135","1":"product","2":"type-product","3":"status-publish","4":"has-post-thumbnail","6":"product_cat-agricultura","7":"product_cat-enfermedades-vasculares","8":"product_cat-hongos-aereos-y-bacterias","9":"product_tag-ecologico","11":"first","12":"instock","13":"shipping-taxable","14":"product-type-simple"},"yoast_head":"<!-- This site is optimized with the Yoast SEO plugin v27.4 - https:\/\/yoast.com\/product\/yoast-seo-wordpress\/ -->\n<title>Wert - TAVAN | Tecnolog\u00edas Avanzadas Agr\u00edcolas<\/title>\n<meta name=\"robots\" content=\"index, follow, max-snippet:-1, max-image-preview:large, max-video-preview:-1\" \/>\n<link rel=\"canonical\" href=\"https:\/\/tavan.es\/en\/product\/wert\/\" \/>\n<meta property=\"og:locale\" content=\"en_US\" \/>\n<meta property=\"og:type\" content=\"article\" \/>\n<meta property=\"og:title\" content=\"Wert - TAVAN | Tecnolog\u00edas Avanzadas Agr\u00edcolas\" \/>\n<meta property=\"og:description\" content=\"Es un compuesto que incorpora en su formulaci\u00f3n diferentes subproductos de s\u00edntesis que tienen la capacidad de aumentar la respuesta inmune vegetal endureciendo las membranas celulares de la planta proporcionado&hellip;\" \/>\n<meta property=\"og:url\" content=\"https:\/\/tavan.es\/en\/product\/wert\/\" \/>\n<meta property=\"og:site_name\" content=\"TAVAN | Tecnolog\u00edas Avanzadas Agr\u00edcolas\" \/>\n<meta property=\"article:modified_time\" content=\"2026-01-28T21:29:28+00:00\" \/>\n<meta property=\"og:image\" content=\"https:\/\/tavan.es\/wp-content\/uploads\/2023\/05\/51.png\" \/>\n\t<meta property=\"og:image:width\" content=\"300\" \/>\n\t<meta property=\"og:image:height\" content=\"300\" \/>\n\t<meta property=\"og:image:type\" content=\"image\/png\" \/>\n<meta name=\"twitter:card\" content=\"summary_large_image\" \/>\n<meta name=\"twitter:label1\" content=\"Est. reading time\" \/>\n\t<meta name=\"twitter:data1\" content=\"1 minute\" \/>\n<script type=\"application\/ld+json\" class=\"yoast-schema-graph\">{\"@context\":\"https:\\\/\\\/schema.org\",\"@graph\":[{\"@type\":\"WebPage\",\"@id\":\"https:\\\/\\\/tavan.es\\\/product\\\/wert\\\/\",\"url\":\"https:\\\/\\\/tavan.es\\\/product\\\/wert\\\/\",\"name\":\"Wert - TAVAN | Tecnolog\u00edas Avanzadas Agr\u00edcolas\",\"isPartOf\":{\"@id\":\"https:\\\/\\\/tavan.es\\\/#website\"},\"primaryImageOfPage\":{\"@id\":\"https:\\\/\\\/tavan.es\\\/product\\\/wert\\\/#primaryimage\"},\"image\":{\"@id\":\"https:\\\/\\\/tavan.es\\\/product\\\/wert\\\/#primaryimage\"},\"thumbnailUrl\":\"https:\\\/\\\/tavan.es\\\/wp-content\\\/uploads\\\/2023\\\/05\\\/51.png\",\"datePublished\":\"2023-05-24T09:40:35+00:00\",\"dateModified\":\"2026-01-28T21:29:28+00:00\",\"breadcrumb\":{\"@id\":\"https:\\\/\\\/tavan.es\\\/product\\\/wert\\\/#breadcrumb\"},\"inLanguage\":\"en-US\",\"potentialAction\":[{\"@type\":\"ReadAction\",\"target\":[\"https:\\\/\\\/tavan.es\\\/product\\\/wert\\\/\"]}]},{\"@type\":\"ImageObject\",\"inLanguage\":\"en-US\",\"@id\":\"https:\\\/\\\/tavan.es\\\/product\\\/wert\\\/#primaryimage\",\"url\":\"https:\\\/\\\/tavan.es\\\/wp-content\\\/uploads\\\/2023\\\/05\\\/51.png\",\"contentUrl\":\"https:\\\/\\\/tavan.es\\\/wp-content\\\/uploads\\\/2023\\\/05\\\/51.png\",\"width\":300,\"height\":300},{\"@type\":\"BreadcrumbList\",\"@id\":\"https:\\\/\\\/tavan.es\\\/product\\\/wert\\\/#breadcrumb\",\"itemListElement\":[{\"@type\":\"ListItem\",\"position\":1,\"name\":\"Portada\",\"item\":\"https:\\\/\\\/tavan.es\\\/\"},{\"@type\":\"ListItem\",\"position\":2,\"name\":\"Shop\",\"item\":\"https:\\\/\\\/tavan.es\\\/shop\\\/\"},{\"@type\":\"ListItem\",\"position\":3,\"name\":\"Wert\"}]},{\"@type\":\"WebSite\",\"@id\":\"https:\\\/\\\/tavan.es\\\/#website\",\"url\":\"https:\\\/\\\/tavan.es\\\/\",\"name\":\"TAVAN | Tecnolog\u00edas Avanzadas Agr\u00edcolas\",\"description\":\"Personalizamos soluciones biotecnol\u00f3gicas para optimizar el rendimiento y sostenibilidad de los cultivos.\",\"publisher\":{\"@id\":\"https:\\\/\\\/tavan.es\\\/#organization\"},\"potentialAction\":[{\"@type\":\"SearchAction\",\"target\":{\"@type\":\"EntryPoint\",\"urlTemplate\":\"https:\\\/\\\/tavan.es\\\/?s={search_term_string}\"},\"query-input\":{\"@type\":\"PropertyValueSpecification\",\"valueRequired\":true,\"valueName\":\"search_term_string\"}}],\"inLanguage\":\"en-US\"},{\"@type\":\"Organization\",\"@id\":\"https:\\\/\\\/tavan.es\\\/#organization\",\"name\":\"TAVAN | Tecnolog\u00edas Avanzadas Agr\u00edcolas\",\"url\":\"https:\\\/\\\/tavan.es\\\/\",\"logo\":{\"@type\":\"ImageObject\",\"inLanguage\":\"en-US\",\"@id\":\"https:\\\/\\\/tavan.es\\\/#\\\/schema\\\/logo\\\/image\\\/\",\"url\":\"https:\\\/\\\/tavan.es\\\/wp-content\\\/uploads\\\/2022\\\/11\\\/cropped-LOGO-NUEVO-TAVAN-HORIZONTAL-SIN-FONDO.png\",\"contentUrl\":\"https:\\\/\\\/tavan.es\\\/wp-content\\\/uploads\\\/2022\\\/11\\\/cropped-LOGO-NUEVO-TAVAN-HORIZONTAL-SIN-FONDO.png\",\"width\":470,\"height\":149,\"caption\":\"TAVAN | Tecnolog\u00edas Avanzadas Agr\u00edcolas\"},\"image\":{\"@id\":\"https:\\\/\\\/tavan.es\\\/#\\\/schema\\\/logo\\\/image\\\/\"}}]}<\/script>\n<!-- \/ Yoast SEO plugin. -->","yoast_head_json":{"title":"Wert - TAVAN | Advanced Agricultural Technologies","robots":{"index":"index","follow":"follow","max-snippet":"max-snippet:-1","max-image-preview":"max-image-preview:large","max-video-preview":"max-video-preview:-1"},"canonical":"https:\/\/tavan.es\/en\/product\/wert\/","og_locale":"en_US","og_type":"article","og_title":"Wert - TAVAN | Tecnolog\u00edas Avanzadas Agr\u00edcolas","og_description":"Es un compuesto que incorpora en su formulaci\u00f3n diferentes subproductos de s\u00edntesis que tienen la capacidad de aumentar la respuesta inmune vegetal endureciendo las membranas celulares de la planta proporcionado&hellip;","og_url":"https:\/\/tavan.es\/en\/product\/wert\/","og_site_name":"TAVAN | Tecnolog\u00edas Avanzadas Agr\u00edcolas","article_modified_time":"2026-01-28T21:29:28+00:00","og_image":[{"width":300,"height":300,"url":"https:\/\/tavan.es\/wp-content\/uploads\/2023\/05\/51.png","type":"image\/png"}],"twitter_card":"summary_large_image","twitter_misc":{"Est. reading time":"1 minute"},"schema":{"@context":"https:\/\/schema.org","@graph":[{"@type":"WebPage","@id":"https:\/\/tavan.es\/product\/wert\/","url":"https:\/\/tavan.es\/product\/wert\/","name":"Wert - TAVAN | Advanced Agricultural Technologies","isPartOf":{"@id":"https:\/\/tavan.es\/#website"},"primaryImageOfPage":{"@id":"https:\/\/tavan.es\/product\/wert\/#primaryimage"},"image":{"@id":"https:\/\/tavan.es\/product\/wert\/#primaryimage"},"thumbnailUrl":"https:\/\/tavan.es\/wp-content\/uploads\/2023\/05\/51.png","datePublished":"2023-05-24T09:40:35+00:00","dateModified":"2026-01-28T21:29:28+00:00","breadcrumb":{"@id":"https:\/\/tavan.es\/product\/wert\/#breadcrumb"},"inLanguage":"en-US","potentialAction":[{"@type":"ReadAction","target":["https:\/\/tavan.es\/product\/wert\/"]}]},{"@type":"ImageObject","inLanguage":"en-US","@id":"https:\/\/tavan.es\/product\/wert\/#primaryimage","url":"https:\/\/tavan.es\/wp-content\/uploads\/2023\/05\/51.png","contentUrl":"https:\/\/tavan.es\/wp-content\/uploads\/2023\/05\/51.png","width":300,"height":300},{"@type":"BreadcrumbList","@id":"https:\/\/tavan.es\/product\/wert\/#breadcrumb","itemListElement":[{"@type":"ListItem","position":1,"name":"Portada","item":"https:\/\/tavan.es\/"},{"@type":"ListItem","position":2,"name":"Shop","item":"https:\/\/tavan.es\/shop\/"},{"@type":"ListItem","position":3,"name":"Wert"}]},{"@type":"WebSite","@id":"https:\/\/tavan.es\/#website","url":"https:\/\/tavan.es\/","name":"TAVAN - Advanced Agricultural Technologies","description":"We customize biotechnological solutions to optimize crop yield and sustainability.","publisher":{"@id":"https:\/\/tavan.es\/#organization"},"potentialAction":[{"@type":"SearchAction","target":{"@type":"EntryPoint","urlTemplate":"https:\/\/tavan.es\/?s={search_term_string}"},"query-input":{"@type":"PropertyValueSpecification","valueRequired":true,"valueName":"search_term_string"}}],"inLanguage":"en-US"},{"@type":"Organization","@id":"https:\/\/tavan.es\/#organization","name":"TAVAN - Advanced Agricultural Technologies","url":"https:\/\/tavan.es\/","logo":{"@type":"ImageObject","inLanguage":"en-US","@id":"https:\/\/tavan.es\/#\/schema\/logo\/image\/","url":"https:\/\/tavan.es\/wp-content\/uploads\/2022\/11\/cropped-LOGO-NUEVO-TAVAN-HORIZONTAL-SIN-FONDO.png","contentUrl":"https:\/\/tavan.es\/wp-content\/uploads\/2022\/11\/cropped-LOGO-NUEVO-TAVAN-HORIZONTAL-SIN-FONDO.png","width":470,"height":149,"caption":"TAVAN | Tecnolog\u00edas Avanzadas Agr\u00edcolas"},"image":{"@id":"https:\/\/tavan.es\/#\/schema\/logo\/image\/"}}]}},"_links":{"self":[{"href":"https:\/\/tavan.es\/en\/wp-json\/wp\/v2\/product\/24135","targetHints":{"allow":["GET"]}}],"collection":[{"href":"https:\/\/tavan.es\/en\/wp-json\/wp\/v2\/product"}],"about":[{"href":"https:\/\/tavan.es\/en\/wp-json\/wp\/v2\/types\/product"}],"wp:featuredmedia":[{"embeddable":true,"href":"https:\/\/tavan.es\/en\/wp-json\/wp\/v2\/media\/25644"}],"wp:attachment":[{"href":"https:\/\/tavan.es\/en\/wp-json\/wp\/v2\/media?parent=24135"}],"wp:term":[{"taxonomy":"product_brand","embeddable":true,"href":"https:\/\/tavan.es\/en\/wp-json\/wp\/v2\/product_brand?post=24135"},{"taxonomy":"product_cat","embeddable":true,"href":"https:\/\/tavan.es\/en\/wp-json\/wp\/v2\/product_cat?post=24135"},{"taxonomy":"product_tag","embeddable":true,"href":"https:\/\/tavan.es\/en\/wp-json\/wp\/v2\/product_tag?post=24135"}],"curies":[{"name":"wp","href":"https:\/\/api.w.org\/{rel}","templated":true}]}}