{"id":24129,"date":"2023-05-24T09:32:55","date_gmt":"2023-05-24T09:32:55","guid":{"rendered":"https:\/\/tavan.zeromedia.es\/?post_type=product&#038;p=24129"},"modified":"2026-01-15T12:24:44","modified_gmt":"2026-01-15T11:24:44","slug":"v-6","status":"publish","type":"product","link":"https:\/\/tavan.es\/en\/product\/v-6\/","title":{"rendered":"V-6"},"content":{"rendered":"<p>V6 is a liquid solution that acts as a metabolic bypass. This high-performance formulation, which causes high<br \/>\nsap movements, increasing the quantity and quality of the sprouts since it has a great incidence as<br \/>\nmetabolic biopromoter in the plant without consumption of plant reserves. Applied together with any other product of a metabolic nature<br \/>\nsystemic, will improve its penetration and translocation within the vascular system of the plant.<\/p>\n<p>- EC fertilizer, according to EU Regulation 2019\/1009.<br \/>\n- Product usable in organic plant production according to EU Regulation 2018\/848 (in accordance with EU standard<br \/>\nUNE 142500 standard) and NOP standards.<\/p>\n<p><strong>GUARANTEED CONTENTS<\/strong><\/p>\n<p>Mineral fertilizer based on micronutrients in solution:<br \/>\nManganese (Mn), as a sulfate, water-soluble 1.0% w\/w<br \/>\nMolybdenum (Mo), as a sodium salt, water-soluble 0.2% w\/w<br \/>\nZinc (Zn), as sulfate, water-soluble 2.2% w\/w<\/p>\n<p><strong>Ingredients:<\/strong> zinc sulfate heptahydrate1 (CAS No 7446-20-0), manganese sulfate monohydrate1 (CAS No 10034-96-5), sodium lignosulfonate1 (CAS No 8061-51-6).<br \/>\n1CMC 1: substances and mixtures of virgin materials.<\/p>\n<p><a href=\"https:\/\/tavan.es\/wp-content\/uploads\/2023\/05\/TVN_V6_Ficha-Reglamentaria.pdf\">R. V6 FACT SHEET <\/a><\/p>","protected":false},"excerpt":{"rendered":"<p>V6 is a liquid solution that acts as a metabolic bypass. This high performance formulation causes large sap movements, increasing the quantity and quality of sprouts....<\/p>","protected":false},"featured_media":25643,"template":"","meta":{"_joinchat":[]},"product_brand":[],"product_cat":[221,226],"product_tag":[243],"class_list":{"0":"post-24129","1":"product","2":"type-product","3":"status-publish","4":"has-post-thumbnail","6":"product_cat-agricultura","7":"product_cat-alto-rendimiento","8":"product_tag-ecologico","10":"first","11":"instock","12":"shipping-taxable","13":"product-type-simple"},"yoast_head":"<!-- This site is optimized with the Yoast SEO plugin v27.5 - https:\/\/yoast.com\/product\/yoast-seo-wordpress\/ -->\n<title>V-6 - TAVAN | Tecnolog\u00edas Avanzadas Agr\u00edcolas<\/title>\n<meta name=\"robots\" content=\"index, follow, max-snippet:-1, max-image-preview:large, max-video-preview:-1\" \/>\n<link rel=\"canonical\" href=\"https:\/\/tavan.es\/en\/product\/v-6\/\" \/>\n<meta property=\"og:locale\" content=\"en_US\" \/>\n<meta property=\"og:type\" content=\"article\" \/>\n<meta property=\"og:title\" content=\"V-6 - TAVAN | Tecnolog\u00edas Avanzadas Agr\u00edcolas\" \/>\n<meta property=\"og:description\" content=\"V6 es una soluci\u00f3n l\u00edquida que act\u00faa como un bypass metab\u00f3lico. Este formulado de alto rendimiento, provoca grandes movimientos de savia, aumentando la cantidad y la calidad de las brotaciones&hellip;\" \/>\n<meta property=\"og:url\" content=\"https:\/\/tavan.es\/en\/product\/v-6\/\" \/>\n<meta property=\"og:site_name\" content=\"TAVAN | Tecnolog\u00edas Avanzadas Agr\u00edcolas\" \/>\n<meta property=\"article:modified_time\" content=\"2026-01-15T11:24:44+00:00\" \/>\n<meta property=\"og:image\" content=\"https:\/\/tavan.es\/wp-content\/uploads\/2023\/05\/50.png\" \/>\n\t<meta property=\"og:image:width\" content=\"300\" \/>\n\t<meta property=\"og:image:height\" content=\"300\" \/>\n\t<meta property=\"og:image:type\" content=\"image\/png\" \/>\n<meta name=\"twitter:card\" content=\"summary_large_image\" \/>\n<meta name=\"twitter:label1\" content=\"Est. reading time\" \/>\n\t<meta name=\"twitter:data1\" content=\"1 minute\" \/>\n<script type=\"application\/ld+json\" class=\"yoast-schema-graph\">{\"@context\":\"https:\\\/\\\/schema.org\",\"@graph\":[{\"@type\":\"WebPage\",\"@id\":\"https:\\\/\\\/tavan.es\\\/product\\\/v-6\\\/\",\"url\":\"https:\\\/\\\/tavan.es\\\/product\\\/v-6\\\/\",\"name\":\"V-6 - TAVAN | Tecnolog\u00edas Avanzadas Agr\u00edcolas\",\"isPartOf\":{\"@id\":\"https:\\\/\\\/tavan.es\\\/#website\"},\"primaryImageOfPage\":{\"@id\":\"https:\\\/\\\/tavan.es\\\/product\\\/v-6\\\/#primaryimage\"},\"image\":{\"@id\":\"https:\\\/\\\/tavan.es\\\/product\\\/v-6\\\/#primaryimage\"},\"thumbnailUrl\":\"https:\\\/\\\/tavan.es\\\/wp-content\\\/uploads\\\/2023\\\/05\\\/50.png\",\"datePublished\":\"2023-05-24T09:32:55+00:00\",\"dateModified\":\"2026-01-15T11:24:44+00:00\",\"breadcrumb\":{\"@id\":\"https:\\\/\\\/tavan.es\\\/product\\\/v-6\\\/#breadcrumb\"},\"inLanguage\":\"en-US\",\"potentialAction\":[{\"@type\":\"ReadAction\",\"target\":[\"https:\\\/\\\/tavan.es\\\/product\\\/v-6\\\/\"]}]},{\"@type\":\"ImageObject\",\"inLanguage\":\"en-US\",\"@id\":\"https:\\\/\\\/tavan.es\\\/product\\\/v-6\\\/#primaryimage\",\"url\":\"https:\\\/\\\/tavan.es\\\/wp-content\\\/uploads\\\/2023\\\/05\\\/50.png\",\"contentUrl\":\"https:\\\/\\\/tavan.es\\\/wp-content\\\/uploads\\\/2023\\\/05\\\/50.png\",\"width\":300,\"height\":300},{\"@type\":\"BreadcrumbList\",\"@id\":\"https:\\\/\\\/tavan.es\\\/product\\\/v-6\\\/#breadcrumb\",\"itemListElement\":[{\"@type\":\"ListItem\",\"position\":1,\"name\":\"Portada\",\"item\":\"https:\\\/\\\/tavan.es\\\/\"},{\"@type\":\"ListItem\",\"position\":2,\"name\":\"Shop\",\"item\":\"https:\\\/\\\/tavan.es\\\/shop\\\/\"},{\"@type\":\"ListItem\",\"position\":3,\"name\":\"V-6\"}]},{\"@type\":\"WebSite\",\"@id\":\"https:\\\/\\\/tavan.es\\\/#website\",\"url\":\"https:\\\/\\\/tavan.es\\\/\",\"name\":\"TAVAN | Tecnolog\u00edas Avanzadas Agr\u00edcolas\",\"description\":\"Personalizamos soluciones biotecnol\u00f3gicas para optimizar el rendimiento y sostenibilidad de los cultivos.\",\"publisher\":{\"@id\":\"https:\\\/\\\/tavan.es\\\/#organization\"},\"potentialAction\":[{\"@type\":\"SearchAction\",\"target\":{\"@type\":\"EntryPoint\",\"urlTemplate\":\"https:\\\/\\\/tavan.es\\\/?s={search_term_string}\"},\"query-input\":{\"@type\":\"PropertyValueSpecification\",\"valueRequired\":true,\"valueName\":\"search_term_string\"}}],\"inLanguage\":\"en-US\"},{\"@type\":\"Organization\",\"@id\":\"https:\\\/\\\/tavan.es\\\/#organization\",\"name\":\"TAVAN | Tecnolog\u00edas Avanzadas Agr\u00edcolas\",\"url\":\"https:\\\/\\\/tavan.es\\\/\",\"logo\":{\"@type\":\"ImageObject\",\"inLanguage\":\"en-US\",\"@id\":\"https:\\\/\\\/tavan.es\\\/#\\\/schema\\\/logo\\\/image\\\/\",\"url\":\"https:\\\/\\\/tavan.es\\\/wp-content\\\/uploads\\\/2022\\\/11\\\/cropped-LOGO-NUEVO-TAVAN-HORIZONTAL-SIN-FONDO.png\",\"contentUrl\":\"https:\\\/\\\/tavan.es\\\/wp-content\\\/uploads\\\/2022\\\/11\\\/cropped-LOGO-NUEVO-TAVAN-HORIZONTAL-SIN-FONDO.png\",\"width\":470,\"height\":149,\"caption\":\"TAVAN | Tecnolog\u00edas Avanzadas Agr\u00edcolas\"},\"image\":{\"@id\":\"https:\\\/\\\/tavan.es\\\/#\\\/schema\\\/logo\\\/image\\\/\"}}]}<\/script>\n<!-- \/ Yoast SEO plugin. -->","yoast_head_json":{"title":"V-6 - TAVAN | Advanced Agricultural Technologies","robots":{"index":"index","follow":"follow","max-snippet":"max-snippet:-1","max-image-preview":"max-image-preview:large","max-video-preview":"max-video-preview:-1"},"canonical":"https:\/\/tavan.es\/en\/product\/v-6\/","og_locale":"en_US","og_type":"article","og_title":"V-6 - TAVAN | Tecnolog\u00edas Avanzadas Agr\u00edcolas","og_description":"V6 es una soluci\u00f3n l\u00edquida que act\u00faa como un bypass metab\u00f3lico. Este formulado de alto rendimiento, provoca grandes movimientos de savia, aumentando la cantidad y la calidad de las brotaciones&hellip;","og_url":"https:\/\/tavan.es\/en\/product\/v-6\/","og_site_name":"TAVAN | Tecnolog\u00edas Avanzadas Agr\u00edcolas","article_modified_time":"2026-01-15T11:24:44+00:00","og_image":[{"width":300,"height":300,"url":"https:\/\/tavan.es\/wp-content\/uploads\/2023\/05\/50.png","type":"image\/png"}],"twitter_card":"summary_large_image","twitter_misc":{"Est. reading time":"1 minute"},"schema":{"@context":"https:\/\/schema.org","@graph":[{"@type":"WebPage","@id":"https:\/\/tavan.es\/product\/v-6\/","url":"https:\/\/tavan.es\/product\/v-6\/","name":"V-6 - TAVAN | Advanced Agricultural Technologies","isPartOf":{"@id":"https:\/\/tavan.es\/#website"},"primaryImageOfPage":{"@id":"https:\/\/tavan.es\/product\/v-6\/#primaryimage"},"image":{"@id":"https:\/\/tavan.es\/product\/v-6\/#primaryimage"},"thumbnailUrl":"https:\/\/tavan.es\/wp-content\/uploads\/2023\/05\/50.png","datePublished":"2023-05-24T09:32:55+00:00","dateModified":"2026-01-15T11:24:44+00:00","breadcrumb":{"@id":"https:\/\/tavan.es\/product\/v-6\/#breadcrumb"},"inLanguage":"en-US","potentialAction":[{"@type":"ReadAction","target":["https:\/\/tavan.es\/product\/v-6\/"]}]},{"@type":"ImageObject","inLanguage":"en-US","@id":"https:\/\/tavan.es\/product\/v-6\/#primaryimage","url":"https:\/\/tavan.es\/wp-content\/uploads\/2023\/05\/50.png","contentUrl":"https:\/\/tavan.es\/wp-content\/uploads\/2023\/05\/50.png","width":300,"height":300},{"@type":"BreadcrumbList","@id":"https:\/\/tavan.es\/product\/v-6\/#breadcrumb","itemListElement":[{"@type":"ListItem","position":1,"name":"Portada","item":"https:\/\/tavan.es\/"},{"@type":"ListItem","position":2,"name":"Shop","item":"https:\/\/tavan.es\/shop\/"},{"@type":"ListItem","position":3,"name":"V-6"}]},{"@type":"WebSite","@id":"https:\/\/tavan.es\/#website","url":"https:\/\/tavan.es\/","name":"TAVAN - Advanced Agricultural Technologies","description":"We customize biotechnological solutions to optimize crop yield and sustainability.","publisher":{"@id":"https:\/\/tavan.es\/#organization"},"potentialAction":[{"@type":"SearchAction","target":{"@type":"EntryPoint","urlTemplate":"https:\/\/tavan.es\/?s={search_term_string}"},"query-input":{"@type":"PropertyValueSpecification","valueRequired":true,"valueName":"search_term_string"}}],"inLanguage":"en-US"},{"@type":"Organization","@id":"https:\/\/tavan.es\/#organization","name":"TAVAN - Advanced Agricultural Technologies","url":"https:\/\/tavan.es\/","logo":{"@type":"ImageObject","inLanguage":"en-US","@id":"https:\/\/tavan.es\/#\/schema\/logo\/image\/","url":"https:\/\/tavan.es\/wp-content\/uploads\/2022\/11\/cropped-LOGO-NUEVO-TAVAN-HORIZONTAL-SIN-FONDO.png","contentUrl":"https:\/\/tavan.es\/wp-content\/uploads\/2022\/11\/cropped-LOGO-NUEVO-TAVAN-HORIZONTAL-SIN-FONDO.png","width":470,"height":149,"caption":"TAVAN | Tecnolog\u00edas Avanzadas Agr\u00edcolas"},"image":{"@id":"https:\/\/tavan.es\/#\/schema\/logo\/image\/"}}]}},"_links":{"self":[{"href":"https:\/\/tavan.es\/en\/wp-json\/wp\/v2\/product\/24129","targetHints":{"allow":["GET"]}}],"collection":[{"href":"https:\/\/tavan.es\/en\/wp-json\/wp\/v2\/product"}],"about":[{"href":"https:\/\/tavan.es\/en\/wp-json\/wp\/v2\/types\/product"}],"wp:featuredmedia":[{"embeddable":true,"href":"https:\/\/tavan.es\/en\/wp-json\/wp\/v2\/media\/25643"}],"wp:attachment":[{"href":"https:\/\/tavan.es\/en\/wp-json\/wp\/v2\/media?parent=24129"}],"wp:term":[{"taxonomy":"product_brand","embeddable":true,"href":"https:\/\/tavan.es\/en\/wp-json\/wp\/v2\/product_brand?post=24129"},{"taxonomy":"product_cat","embeddable":true,"href":"https:\/\/tavan.es\/en\/wp-json\/wp\/v2\/product_cat?post=24129"},{"taxonomy":"product_tag","embeddable":true,"href":"https:\/\/tavan.es\/en\/wp-json\/wp\/v2\/product_tag?post=24129"}],"curies":[{"name":"wp","href":"https:\/\/api.w.org\/{rel}","templated":true}]}}