{"id":24099,"date":"2023-05-24T08:36:27","date_gmt":"2023-05-24T08:36:27","guid":{"rendered":"https:\/\/tavan.zeromedia.es\/?post_type=product&#038;p=24099"},"modified":"2026-02-16T09:00:26","modified_gmt":"2026-02-16T08:00:26","slug":"natur-fattening","status":"publish","type":"product","link":"https:\/\/tavan.es\/en\/product\/natur-engorde\/","title":{"rendered":"Natur Engorde"},"content":{"rendered":"<p>Liquid fertilizer formulated with calcium and other micronutrients of fast assimilation in the stages of the plant.<br \/>\nearly stages of fruit development, capable of promoting an optimal mitosis process, improving the quality of the fruit.<br \/>\nIndividual fruit, skin, size, size, color, caliber and turgor. Increases fruit size and resistance.<br \/>\nfor transport, reduces spoilage and improves post-harvest handling.<br \/>\n- EU Regulation 2019\/1009.<\/p>\n<p><strong>GUARANTEED CONTENTS<\/strong><\/p>\n<p>Calcium (CaO), water-soluble 7.3% w\/w<br \/>\nManganese (Mn), water soluble 1.0% w\/w<br \/>\nZinc (Zn), water-soluble 0.91% w\/w<br \/>\npH 2<\/p>\n<p><strong>Ingredients:<\/strong> calcium acetate1 (CAS No. 62-54-4), nitric acid1 (CAS No. 7697-37-2), calcium nitrate1 (CAS No. 15245-12-2), phosphorous acid1 (CAS No. 13598-36-2) and monoammonium phosphate1 (CAS No. 7722-76-1)<br \/>\n1CMC 1: Substances and mixtures of virgin materials<\/p>","protected":false},"excerpt":{"rendered":"<p>Improves fruit quality by acting from the beginning during phosphorus fixation in the blossom.<\/p>","protected":false},"featured_media":25628,"template":"","meta":{"_joinchat":[]},"product_brand":[],"product_cat":[221,226],"product_tag":[],"class_list":{"0":"post-24099","1":"product","2":"type-product","3":"status-publish","4":"has-post-thumbnail","6":"product_cat-agricultura","7":"product_cat-alto-rendimiento","9":"first","10":"instock","11":"shipping-taxable","12":"product-type-simple"},"yoast_head":"<!-- This site is optimized with the Yoast SEO plugin v27.4 - https:\/\/yoast.com\/product\/yoast-seo-wordpress\/ -->\n<title>Natur Engorde - TAVAN | Tecnolog\u00edas Avanzadas Agr\u00edcolas<\/title>\n<meta name=\"robots\" content=\"index, follow, max-snippet:-1, max-image-preview:large, max-video-preview:-1\" \/>\n<link rel=\"canonical\" href=\"https:\/\/tavan.es\/en\/product\/natur-fattening\/\" \/>\n<meta property=\"og:locale\" content=\"en_US\" \/>\n<meta property=\"og:type\" content=\"article\" \/>\n<meta property=\"og:title\" content=\"Natur Engorde - TAVAN | Tecnolog\u00edas Avanzadas Agr\u00edcolas\" \/>\n<meta property=\"og:description\" content=\"Mejora la calidad de los frutos actuando desde el inicio durante la fijaci\u00f3n del f\u00f3sforo en la flor.\" \/>\n<meta property=\"og:url\" content=\"https:\/\/tavan.es\/en\/product\/natur-fattening\/\" \/>\n<meta property=\"og:site_name\" content=\"TAVAN | Tecnolog\u00edas Avanzadas Agr\u00edcolas\" \/>\n<meta property=\"article:modified_time\" content=\"2026-02-16T08:00:26+00:00\" \/>\n<meta property=\"og:image\" content=\"https:\/\/tavan.es\/wp-content\/uploads\/2023\/05\/35.png\" \/>\n\t<meta property=\"og:image:width\" content=\"300\" \/>\n\t<meta property=\"og:image:height\" content=\"300\" \/>\n\t<meta property=\"og:image:type\" content=\"image\/png\" \/>\n<meta name=\"twitter:card\" content=\"summary_large_image\" \/>\n<meta name=\"twitter:label1\" content=\"Est. reading time\" \/>\n\t<meta name=\"twitter:data1\" content=\"1 minute\" \/>\n<script type=\"application\/ld+json\" class=\"yoast-schema-graph\">{\"@context\":\"https:\\\/\\\/schema.org\",\"@graph\":[{\"@type\":\"WebPage\",\"@id\":\"https:\\\/\\\/tavan.es\\\/product\\\/natur-engorde\\\/\",\"url\":\"https:\\\/\\\/tavan.es\\\/product\\\/natur-engorde\\\/\",\"name\":\"Natur Engorde - TAVAN | Tecnolog\u00edas Avanzadas Agr\u00edcolas\",\"isPartOf\":{\"@id\":\"https:\\\/\\\/tavan.es\\\/#website\"},\"primaryImageOfPage\":{\"@id\":\"https:\\\/\\\/tavan.es\\\/product\\\/natur-engorde\\\/#primaryimage\"},\"image\":{\"@id\":\"https:\\\/\\\/tavan.es\\\/product\\\/natur-engorde\\\/#primaryimage\"},\"thumbnailUrl\":\"https:\\\/\\\/tavan.es\\\/wp-content\\\/uploads\\\/2023\\\/05\\\/35.png\",\"datePublished\":\"2023-05-24T08:36:27+00:00\",\"dateModified\":\"2026-02-16T08:00:26+00:00\",\"breadcrumb\":{\"@id\":\"https:\\\/\\\/tavan.es\\\/product\\\/natur-engorde\\\/#breadcrumb\"},\"inLanguage\":\"en-US\",\"potentialAction\":[{\"@type\":\"ReadAction\",\"target\":[\"https:\\\/\\\/tavan.es\\\/product\\\/natur-engorde\\\/\"]}]},{\"@type\":\"ImageObject\",\"inLanguage\":\"en-US\",\"@id\":\"https:\\\/\\\/tavan.es\\\/product\\\/natur-engorde\\\/#primaryimage\",\"url\":\"https:\\\/\\\/tavan.es\\\/wp-content\\\/uploads\\\/2023\\\/05\\\/35.png\",\"contentUrl\":\"https:\\\/\\\/tavan.es\\\/wp-content\\\/uploads\\\/2023\\\/05\\\/35.png\",\"width\":300,\"height\":300},{\"@type\":\"BreadcrumbList\",\"@id\":\"https:\\\/\\\/tavan.es\\\/product\\\/natur-engorde\\\/#breadcrumb\",\"itemListElement\":[{\"@type\":\"ListItem\",\"position\":1,\"name\":\"Portada\",\"item\":\"https:\\\/\\\/tavan.es\\\/\"},{\"@type\":\"ListItem\",\"position\":2,\"name\":\"Shop\",\"item\":\"https:\\\/\\\/tavan.es\\\/shop\\\/\"},{\"@type\":\"ListItem\",\"position\":3,\"name\":\"Natur Engorde\"}]},{\"@type\":\"WebSite\",\"@id\":\"https:\\\/\\\/tavan.es\\\/#website\",\"url\":\"https:\\\/\\\/tavan.es\\\/\",\"name\":\"TAVAN | Tecnolog\u00edas Avanzadas Agr\u00edcolas\",\"description\":\"Personalizamos soluciones biotecnol\u00f3gicas para optimizar el rendimiento y sostenibilidad de los cultivos.\",\"publisher\":{\"@id\":\"https:\\\/\\\/tavan.es\\\/#organization\"},\"potentialAction\":[{\"@type\":\"SearchAction\",\"target\":{\"@type\":\"EntryPoint\",\"urlTemplate\":\"https:\\\/\\\/tavan.es\\\/?s={search_term_string}\"},\"query-input\":{\"@type\":\"PropertyValueSpecification\",\"valueRequired\":true,\"valueName\":\"search_term_string\"}}],\"inLanguage\":\"en-US\"},{\"@type\":\"Organization\",\"@id\":\"https:\\\/\\\/tavan.es\\\/#organization\",\"name\":\"TAVAN | Tecnolog\u00edas Avanzadas Agr\u00edcolas\",\"url\":\"https:\\\/\\\/tavan.es\\\/\",\"logo\":{\"@type\":\"ImageObject\",\"inLanguage\":\"en-US\",\"@id\":\"https:\\\/\\\/tavan.es\\\/#\\\/schema\\\/logo\\\/image\\\/\",\"url\":\"https:\\\/\\\/tavan.es\\\/wp-content\\\/uploads\\\/2022\\\/11\\\/cropped-LOGO-NUEVO-TAVAN-HORIZONTAL-SIN-FONDO.png\",\"contentUrl\":\"https:\\\/\\\/tavan.es\\\/wp-content\\\/uploads\\\/2022\\\/11\\\/cropped-LOGO-NUEVO-TAVAN-HORIZONTAL-SIN-FONDO.png\",\"width\":470,\"height\":149,\"caption\":\"TAVAN | Tecnolog\u00edas Avanzadas Agr\u00edcolas\"},\"image\":{\"@id\":\"https:\\\/\\\/tavan.es\\\/#\\\/schema\\\/logo\\\/image\\\/\"}}]}<\/script>\n<!-- \/ Yoast SEO plugin. -->","yoast_head_json":{"title":"Natur Engorde - TAVAN | Advanced Agricultural Technologies","robots":{"index":"index","follow":"follow","max-snippet":"max-snippet:-1","max-image-preview":"max-image-preview:large","max-video-preview":"max-video-preview:-1"},"canonical":"https:\/\/tavan.es\/en\/product\/natur-fattening\/","og_locale":"en_US","og_type":"article","og_title":"Natur Engorde - TAVAN | Tecnolog\u00edas Avanzadas Agr\u00edcolas","og_description":"Mejora la calidad de los frutos actuando desde el inicio durante la fijaci\u00f3n del f\u00f3sforo en la flor.","og_url":"https:\/\/tavan.es\/en\/product\/natur-fattening\/","og_site_name":"TAVAN | Tecnolog\u00edas Avanzadas Agr\u00edcolas","article_modified_time":"2026-02-16T08:00:26+00:00","og_image":[{"width":300,"height":300,"url":"https:\/\/tavan.es\/wp-content\/uploads\/2023\/05\/35.png","type":"image\/png"}],"twitter_card":"summary_large_image","twitter_misc":{"Est. reading time":"1 minute"},"schema":{"@context":"https:\/\/schema.org","@graph":[{"@type":"WebPage","@id":"https:\/\/tavan.es\/product\/natur-engorde\/","url":"https:\/\/tavan.es\/product\/natur-engorde\/","name":"Natur Engorde - TAVAN | Advanced Agricultural Technologies","isPartOf":{"@id":"https:\/\/tavan.es\/#website"},"primaryImageOfPage":{"@id":"https:\/\/tavan.es\/product\/natur-engorde\/#primaryimage"},"image":{"@id":"https:\/\/tavan.es\/product\/natur-engorde\/#primaryimage"},"thumbnailUrl":"https:\/\/tavan.es\/wp-content\/uploads\/2023\/05\/35.png","datePublished":"2023-05-24T08:36:27+00:00","dateModified":"2026-02-16T08:00:26+00:00","breadcrumb":{"@id":"https:\/\/tavan.es\/product\/natur-engorde\/#breadcrumb"},"inLanguage":"en-US","potentialAction":[{"@type":"ReadAction","target":["https:\/\/tavan.es\/product\/natur-engorde\/"]}]},{"@type":"ImageObject","inLanguage":"en-US","@id":"https:\/\/tavan.es\/product\/natur-engorde\/#primaryimage","url":"https:\/\/tavan.es\/wp-content\/uploads\/2023\/05\/35.png","contentUrl":"https:\/\/tavan.es\/wp-content\/uploads\/2023\/05\/35.png","width":300,"height":300},{"@type":"BreadcrumbList","@id":"https:\/\/tavan.es\/product\/natur-engorde\/#breadcrumb","itemListElement":[{"@type":"ListItem","position":1,"name":"Portada","item":"https:\/\/tavan.es\/"},{"@type":"ListItem","position":2,"name":"Shop","item":"https:\/\/tavan.es\/shop\/"},{"@type":"ListItem","position":3,"name":"Natur Engorde"}]},{"@type":"WebSite","@id":"https:\/\/tavan.es\/#website","url":"https:\/\/tavan.es\/","name":"TAVAN - Advanced Agricultural Technologies","description":"We customize biotechnological solutions to optimize crop yield and sustainability.","publisher":{"@id":"https:\/\/tavan.es\/#organization"},"potentialAction":[{"@type":"SearchAction","target":{"@type":"EntryPoint","urlTemplate":"https:\/\/tavan.es\/?s={search_term_string}"},"query-input":{"@type":"PropertyValueSpecification","valueRequired":true,"valueName":"search_term_string"}}],"inLanguage":"en-US"},{"@type":"Organization","@id":"https:\/\/tavan.es\/#organization","name":"TAVAN - Advanced Agricultural Technologies","url":"https:\/\/tavan.es\/","logo":{"@type":"ImageObject","inLanguage":"en-US","@id":"https:\/\/tavan.es\/#\/schema\/logo\/image\/","url":"https:\/\/tavan.es\/wp-content\/uploads\/2022\/11\/cropped-LOGO-NUEVO-TAVAN-HORIZONTAL-SIN-FONDO.png","contentUrl":"https:\/\/tavan.es\/wp-content\/uploads\/2022\/11\/cropped-LOGO-NUEVO-TAVAN-HORIZONTAL-SIN-FONDO.png","width":470,"height":149,"caption":"TAVAN | Tecnolog\u00edas Avanzadas Agr\u00edcolas"},"image":{"@id":"https:\/\/tavan.es\/#\/schema\/logo\/image\/"}}]}},"_links":{"self":[{"href":"https:\/\/tavan.es\/en\/wp-json\/wp\/v2\/product\/24099","targetHints":{"allow":["GET"]}}],"collection":[{"href":"https:\/\/tavan.es\/en\/wp-json\/wp\/v2\/product"}],"about":[{"href":"https:\/\/tavan.es\/en\/wp-json\/wp\/v2\/types\/product"}],"wp:featuredmedia":[{"embeddable":true,"href":"https:\/\/tavan.es\/en\/wp-json\/wp\/v2\/media\/25628"}],"wp:attachment":[{"href":"https:\/\/tavan.es\/en\/wp-json\/wp\/v2\/media?parent=24099"}],"wp:term":[{"taxonomy":"product_brand","embeddable":true,"href":"https:\/\/tavan.es\/en\/wp-json\/wp\/v2\/product_brand?post=24099"},{"taxonomy":"product_cat","embeddable":true,"href":"https:\/\/tavan.es\/en\/wp-json\/wp\/v2\/product_cat?post=24099"},{"taxonomy":"product_tag","embeddable":true,"href":"https:\/\/tavan.es\/en\/wp-json\/wp\/v2\/product_tag?post=24099"}],"curies":[{"name":"wp","href":"https:\/\/api.w.org\/{rel}","templated":true}]}}