{"id":24930,"date":"2023-09-14T11:47:06","date_gmt":"2023-09-14T11:47:06","guid":{"rendered":"https:\/\/www.tavan.es\/?page_id=24930"},"modified":"2023-12-01T07:19:02","modified_gmt":"2023-12-01T07:19:02","slug":"cookies-policy","status":"publish","type":"page","link":"https:\/\/tavan.es\/en\/politica-de-cookies\/","title":{"rendered":"<i>Cookie Policy<\/i>"},"content":{"rendered":"<div data-elementor-type=\"wp-page\" data-elementor-id=\"24930\" class=\"elementor elementor-24930\">\n\t\t\t\t\t\t<section class=\"elementor-section elementor-top-section elementor-element elementor-element-1ce0fbce elementor-section-boxed elementor-section-height-default elementor-section-height-default sc_fly_static\" data-id=\"1ce0fbce\" data-element_type=\"section\" data-e-type=\"section\">\n\t\t\t\t\t\t<div class=\"elementor-container elementor-column-gap-extended\">\n\t\t\t\t\t<div class=\"elementor-column elementor-col-100 elementor-top-column elementor-element elementor-element-71737124 sc_content_align_inherit sc_layouts_column_icons_position_left sc_fly_static\" data-id=\"71737124\" data-element_type=\"column\" data-e-type=\"column\">\n\t\t\t<div class=\"elementor-widget-wrap elementor-element-populated\">\n\t\t\t\t\t\t<div class=\"elementor-element elementor-element-a7da408 sc_fly_static elementor-widget elementor-widget-text-editor\" data-id=\"a7da408\" data-element_type=\"widget\" data-e-type=\"widget\" data-widget_type=\"text-editor.default\">\n\t\t\t\t<div class=\"elementor-widget-container\">\n\t\t\t\t\t\t\t\t\t<p><b>Cookies Policy<\/b><\/p><p><span style=\"font-weight: 400;\">This website is owned by <\/span><b>TECNOLOGIAS AVANZADAS AGRICOLAS,SL <\/b><span style=\"font-weight: 400;\">\u00a0does not collect or transfer data to third party companies of its users without their prior consent. The cookies that are used allow the user to browse the site and use the services that appear on it.\u00a0<\/span><\/p><p><span style=\"font-weight: 400;\">The website may have links to other websites outside our company, in it you can freely accept or not the Privacy Policy and Cookies of these websites. Normally, if you browse the Internet you can accept or reject third party Cookies in browsers. The company is not responsible for the content or accuracy of the privacy policies that may have the third parties mentioned in this policy cookies.\u00a0<\/span><\/p><p><span style=\"font-weight: 400;\">Below you will find more detailed information about what cookies are, what kind of cookies this website uses, how you can disable cookies in your browser or how to specifically disable the installation of third-party cookies and what happens if you disable them.<\/span><\/p><p><b>1.- What are cookies?<\/b><\/p><p><span style=\"font-weight: 400;\">Cookies are small files that some platforms, such as websites, may install on your computer, Smartphone, tablet or connected TV, when you access them.<\/span><span style=\"font-weight: 400;\">\u00a0<\/span><\/p><p><span style=\"font-weight: 400;\">Their functions can be very varied: store your browsing preferences, collect statistical information, enable certain technical functionalities, store and retrieve information about browsing habits or preferences of a user or their equipment to the point, sometimes, depending on the information they contain and the way you use your computer, to be able to recognize it. A cookie is stored on a computer to personalize and facilitate the user's browsing as much as possible. Cookies are only associated with a user and their computer and do not provide references that allow the user's personal data to be deduced. The user may configure his browser to notify or reject the installation of cookies sent by the website.<\/span><\/p><p><b>2.- Why are they important?<\/b><\/p><p><span style=\"font-weight: 400;\">Cookies are useful for several reasons. From a technical point of view, they allow web pages to work in a more agile way and adapted to the user's preferences, such as, for example, storing the user's language or the currency of his or her country. They also help website managers to improve the services they offer, thanks to the statistical information they collect through them. Finally, they serve to make the advertising we show you more efficient.<\/span><\/p><p><b>3.- What kind of Cookies are there?<\/b><\/p><p><span style=\"font-weight: 400;\">Depending on the length of time they remain active, cookies can be:\u00a0<\/span><\/p><p><b>Session cookies<\/b><span style=\"font-weight: 400;\">Web beacons: designed to collect and store data while the user accesses a web page. They are usually used to store information that is only of interest to retain for the provision of the service requested by the user on a single occasion (for example, a list of products purchased).\u00a0<\/span><\/p><p><b>Persistent Cookies<\/b><span style=\"font-weight: 400;\">Cookies: These are a type of cookie by which data remains stored in the terminal and can be accessed and processed for a defined period of time. They have a deletion date. They are used for example in the purchase or registration process to avoid having to enter our data constantly.\u00a0<\/span><\/p><p><span style=\"font-weight: 400;\">Depending on who is the entity that manages the equipment or domain from which the cookies are sent and treats the data obtained, we can distinguish:\u00a0<\/span><\/p><p><b>Own cookies:<\/b><span style=\"font-weight: 400;\"> They are those that are sent to the users' device managed exclusively by us for the better functioning of the site. These are cookies generated by the website you are visiting.<\/span><\/p><p><b>Third-party cookies:<\/b><span style=\"font-weight: 400;\"> They are those that are sent to the user's device from a computer or domain that is not managed by us but by another entity, which will process the data obtained. They are those generated by external services or providers such as Facebook, Google, etc.<\/span><\/p><p><span style=\"font-weight: 400;\">Depending on the purpose, they can be:<\/span><\/p><p><span style=\"font-weight: 400;\">.- <\/span><b>Technical Cookies<\/b><span style=\"font-weight: 400;\">Cookies: These are those that allow the user to navigate through a website, platform or application, and the use of the different options or services that exist in it, including those that the editor uses to enable the management and operation of the website and enable its functions and services. Also belonging to this category, due to their technical nature, are those cookies that allow the management, in the most effective way possible, of the advertising spaces that, as another element of design or \"layout\" of the service offered to the user, the editor has included in a web page, application or platform based on criteria such as the edited content, without collecting information from users for other purposes, such as customizing that advertising content or other content.<\/span><\/p><p><span style=\"font-weight: 400;\">.- <\/span><b>Preference or personalization cookies<\/b><span style=\"font-weight: 400;\">These are those that allow information to be remembered so that the user can access the service with certain characteristics that may differentiate his experience from that of other users, such as, for example, the language, the number of results to be displayed when the user performs a search, the appearance or content of the service depending on the type of browser through which the user accesses the service or the region from which the user accesses the service, etc.<\/span><\/p><p><span style=\"font-weight: 400;\">.- <\/span><b>Analysis or measurement cookies<\/b><span style=\"font-weight: 400;\">Cookies: are those that allow the party responsible for them to monitor and analyze the behavior of users of the websites to which they are linked, including the quantification of the impacts of advertisements. The information collected through this type of cookies is used to measure the activity of the websites, application or platform, in order to make improvements based on the analysis of the data on the use made by users of the service.\u00a0<\/span><\/p><p><span style=\"font-weight: 400;\">.- <\/span><b>Behavioral advertising cookies<\/b><span style=\"font-weight: 400;\">These are those that store information on the behavior of users obtained through the continuous observation of their browsing habits, allowing the development of a specific profile to display advertising based on it.<\/span><\/p><p><b>4.- What kind of Cookies do we use?<\/b><\/p><p><span style=\"font-weight: 400;\">We inform you about the Cookies used by this website:<\/span><\/p><table><tbody><tr><td><p><b>Name<\/b><\/p><\/td><td><p><b>Type<\/b><\/p><\/td><td><p><b>Property<\/b><\/p><\/td><td><p><b>Duration<\/b><\/p><\/td><td><p><b>Purpose<\/b><\/p><\/td><td><p><b>More information<\/b><\/p><\/td><\/tr><tr><td><p><b>trx_addons_is_retina<\/b><\/p><\/td><td><p><span style=\"font-weight: 400;\">Session<\/span><\/p><\/td><td><p><span style=\"font-weight: 400;\">Own<\/span><\/p><\/td><td><p><span style=\"font-weight: 400;\">At the end of the session<\/span><\/p><\/td><td><p><span style=\"font-weight: 400;\">Necessary for the correct functioning of the web<\/span><\/p><\/td><td><p><span style=\"font-weight: 400;\">Company Cookie Policy<\/span><\/p><\/td><\/tr><\/tbody><\/table><p><br \/><br \/><br \/><br \/><br \/><br \/><br \/><br \/><br \/><br \/><br \/><br \/><\/p><p><b>5.- Data Transfers to Third Countries.<\/b><\/p><p><span style=\"font-weight: 400;\">You can find out about transfers to third countries that, where appropriate, made by third parties identified in this cookie policy in their corresponding policies. You can see the links provided in the \"More information\" section in the table above.<\/span><\/p><p><b>6.- How can I configure my preferences?<\/b><\/p><p><span style=\"font-weight: 400;\">You can allow, block or delete cookies installed on your computer by configuring the options of your Internet browser.<\/span><\/p><p><span style=\"font-weight: 400;\">Below are links to information on how you can activate your preferences in the major browsers:<\/span><\/p><p><span style=\"font-weight: 400;\">.- <\/span><b>Explorer, <\/b><span style=\"font-weight: 400;\">\u00a0<\/span><a href=\"https:\/\/support.microsoft.com\/es-es\/help\/17442\/windows-internet-explorer-delete-manage-cookies\"><span style=\"font-weight: 400;\">https:\/\/support.microsoft.com\/es-es\/help\/17442\/windows-internet-explorer-delete-manage-cookies<\/span><\/a><\/p><p><span style=\"font-weight: 400;\">.- <\/span><b>Chrome<\/b><span style=\"font-weight: 400;\">, <\/span><a href=\"https:\/\/support.google.com\/chrome\/answer\/95647?hl=es\"><span style=\"font-weight: 400;\">https:\/\/support.google.com\/chrome\/answer\/95647?hl=es<\/span><\/a><\/p><p><b>Safari<\/b><span style=\"font-weight: 400;\">, <\/span><a href=\"https:\/\/support.apple.com\/es-es\/guide\/safari\/sfri11471\/mac\"><span style=\"font-weight: 400;\">https:\/\/support.apple.com\/es-es\/guide\/safari\/sfri11471\/mac<\/span><\/a><\/p><p><b>Firefox<\/b><span style=\"font-weight: 400;\">, <\/span><a href=\"https:\/\/support.mozilla.org\/es\/kb\/habilitar-y-deshabilitar-cookies-sitios-web-rastrear-preferencias?redirectlocale=es&amp;redirectslug=habilitar-y-deshabilitar-cookies-que-los-sitios-we\"><span style=\"font-weight: 400;\">https:\/\/support.mozilla.org\/es\/kb\/habilitar-y-deshabilitar-cookies-sitios-web-rastrear-preferencias?redirectlocale=es&amp;redirectslug=habilitar-y-deshabilitar-cookies-que-los-sitios-we<\/span><\/a><\/p><p><b>Opera, <\/b><a href=\"https:\/\/help.opera.com\/en\/latest\/web-preferences\/#cookies\"><span style=\"font-weight: 400;\">https:\/\/help.opera.com\/en\/latest\/web-preferences\/#cookies<\/span><\/a><\/p><p><b>7.- Exercise of your rights.<\/b><\/p><p><span style=\"font-weight: 400;\">You can consult the Privacy Policy on this website to learn about your rights and how you can exercise them.<\/span><\/p>\t\t\t\t\t\t\t\t<\/div>\n\t\t\t\t<\/div>\n\t\t\t\t<div class=\"elementor-element elementor-element-653057c1 sc_fly_static elementor-widget elementor-widget-spacer\" data-id=\"653057c1\" data-element_type=\"widget\" data-e-type=\"widget\" data-widget_type=\"spacer.default\">\n\t\t\t\t<div class=\"elementor-widget-container\">\n\t\t\t\t\t\t\t<div class=\"elementor-spacer\">\n\t\t\t<div class=\"elementor-spacer-inner\"><\/div>\n\t\t<\/div>\n\t\t\t\t\t\t<\/div>\n\t\t\t\t<\/div>\n\t\t\t\t\t<\/div>\n\t\t<\/div>\n\t\t\t\t\t<\/div>\n\t\t<\/section>\n\t\t\t\t<\/div>","protected":false},"excerpt":{"rendered":"<p>Cookies Policy This website owned by TECNOLOGIAS AVANZADAS AGRICOLAS,SL does not collect or transfer data to third party companies of its users without their prior consent. The cookies that are used...<\/p>","protected":false},"author":5,"featured_media":0,"parent":0,"menu_order":0,"comment_status":"closed","ping_status":"closed","template":"","meta":{"_joinchat":[],"footnotes":""},"class_list":["post-24930","page","type-page","status-publish","hentry"],"yoast_head":"<!-- This site is optimized with the Yoast SEO plugin v27.5 - https:\/\/yoast.com\/product\/yoast-seo-wordpress\/ -->\n<title>Pol\u00edtica de cookies - TAVAN | Tecnolog\u00edas Avanzadas Agr\u00edcolas<\/title>\n<meta name=\"robots\" content=\"index, follow, max-snippet:-1, max-image-preview:large, max-video-preview:-1\" \/>\n<link rel=\"canonical\" href=\"https:\/\/tavan.es\/en\/cookies-policy\/\" \/>\n<meta property=\"og:locale\" content=\"en_US\" \/>\n<meta property=\"og:type\" content=\"article\" \/>\n<meta property=\"og:title\" content=\"Pol\u00edtica de cookies - TAVAN | Tecnolog\u00edas Avanzadas Agr\u00edcolas\" \/>\n<meta property=\"og:description\" content=\"Pol\u00edtica de Cookies Esta web propiedad de TECNOLOGIAS AVANZADAS AGRICOLAS,SL \u00a0no recopila ni cede datos a terceras empresas de sus usuarios sin su consentimiento previo. Las cookies que se utilizan&hellip;\" \/>\n<meta property=\"og:url\" content=\"https:\/\/tavan.es\/en\/cookies-policy\/\" \/>\n<meta property=\"og:site_name\" content=\"TAVAN | Tecnolog\u00edas Avanzadas Agr\u00edcolas\" \/>\n<meta property=\"article:modified_time\" content=\"2023-12-01T07:19:02+00:00\" \/>\n<meta name=\"twitter:card\" content=\"summary_large_image\" \/>\n<meta name=\"twitter:label1\" content=\"Est. reading time\" \/>\n\t<meta name=\"twitter:data1\" content=\"6 minutes\" \/>\n<script type=\"application\/ld+json\" class=\"yoast-schema-graph\">{\"@context\":\"https:\\\/\\\/schema.org\",\"@graph\":[{\"@type\":\"WebPage\",\"@id\":\"https:\\\/\\\/tavan.es\\\/politica-de-cookies\\\/\",\"url\":\"https:\\\/\\\/tavan.es\\\/politica-de-cookies\\\/\",\"name\":\"Pol\u00edtica de cookies - TAVAN | Tecnolog\u00edas Avanzadas Agr\u00edcolas\",\"isPartOf\":{\"@id\":\"https:\\\/\\\/tavan.es\\\/#website\"},\"datePublished\":\"2023-09-14T11:47:06+00:00\",\"dateModified\":\"2023-12-01T07:19:02+00:00\",\"breadcrumb\":{\"@id\":\"https:\\\/\\\/tavan.es\\\/politica-de-cookies\\\/#breadcrumb\"},\"inLanguage\":\"en-US\",\"potentialAction\":[{\"@type\":\"ReadAction\",\"target\":[\"https:\\\/\\\/tavan.es\\\/politica-de-cookies\\\/\"]}]},{\"@type\":\"BreadcrumbList\",\"@id\":\"https:\\\/\\\/tavan.es\\\/politica-de-cookies\\\/#breadcrumb\",\"itemListElement\":[{\"@type\":\"ListItem\",\"position\":1,\"name\":\"Portada\",\"item\":\"https:\\\/\\\/tavan.es\\\/\"},{\"@type\":\"ListItem\",\"position\":2,\"name\":\"Pol\u00edtica de cookies\"}]},{\"@type\":\"WebSite\",\"@id\":\"https:\\\/\\\/tavan.es\\\/#website\",\"url\":\"https:\\\/\\\/tavan.es\\\/\",\"name\":\"TAVAN | Tecnolog\u00edas Avanzadas Agr\u00edcolas\",\"description\":\"Personalizamos soluciones biotecnol\u00f3gicas para optimizar el rendimiento y sostenibilidad de los cultivos.\",\"publisher\":{\"@id\":\"https:\\\/\\\/tavan.es\\\/#organization\"},\"potentialAction\":[{\"@type\":\"SearchAction\",\"target\":{\"@type\":\"EntryPoint\",\"urlTemplate\":\"https:\\\/\\\/tavan.es\\\/?s={search_term_string}\"},\"query-input\":{\"@type\":\"PropertyValueSpecification\",\"valueRequired\":true,\"valueName\":\"search_term_string\"}}],\"inLanguage\":\"en-US\"},{\"@type\":\"Organization\",\"@id\":\"https:\\\/\\\/tavan.es\\\/#organization\",\"name\":\"TAVAN | Tecnolog\u00edas Avanzadas Agr\u00edcolas\",\"url\":\"https:\\\/\\\/tavan.es\\\/\",\"logo\":{\"@type\":\"ImageObject\",\"inLanguage\":\"en-US\",\"@id\":\"https:\\\/\\\/tavan.es\\\/#\\\/schema\\\/logo\\\/image\\\/\",\"url\":\"https:\\\/\\\/tavan.es\\\/wp-content\\\/uploads\\\/2022\\\/11\\\/cropped-LOGO-NUEVO-TAVAN-HORIZONTAL-SIN-FONDO.png\",\"contentUrl\":\"https:\\\/\\\/tavan.es\\\/wp-content\\\/uploads\\\/2022\\\/11\\\/cropped-LOGO-NUEVO-TAVAN-HORIZONTAL-SIN-FONDO.png\",\"width\":470,\"height\":149,\"caption\":\"TAVAN | Tecnolog\u00edas Avanzadas Agr\u00edcolas\"},\"image\":{\"@id\":\"https:\\\/\\\/tavan.es\\\/#\\\/schema\\\/logo\\\/image\\\/\"}}]}<\/script>\n<!-- \/ Yoast SEO plugin. -->","yoast_head_json":{"title":"Cookies Policy - TAVAN | Tecnolog\u00edas Avanzadas Agr\u00edcolas","robots":{"index":"index","follow":"follow","max-snippet":"max-snippet:-1","max-image-preview":"max-image-preview:large","max-video-preview":"max-video-preview:-1"},"canonical":"https:\/\/tavan.es\/en\/cookies-policy\/","og_locale":"en_US","og_type":"article","og_title":"Pol\u00edtica de cookies - TAVAN | Tecnolog\u00edas Avanzadas Agr\u00edcolas","og_description":"Pol\u00edtica de Cookies Esta web propiedad de TECNOLOGIAS AVANZADAS AGRICOLAS,SL \u00a0no recopila ni cede datos a terceras empresas de sus usuarios sin su consentimiento previo. Las cookies que se utilizan&hellip;","og_url":"https:\/\/tavan.es\/en\/cookies-policy\/","og_site_name":"TAVAN | Tecnolog\u00edas Avanzadas Agr\u00edcolas","article_modified_time":"2023-12-01T07:19:02+00:00","twitter_card":"summary_large_image","twitter_misc":{"Est. reading time":"6 minutes"},"schema":{"@context":"https:\/\/schema.org","@graph":[{"@type":"WebPage","@id":"https:\/\/tavan.es\/politica-de-cookies\/","url":"https:\/\/tavan.es\/politica-de-cookies\/","name":"Cookies Policy - TAVAN | Tecnolog\u00edas Avanzadas Agr\u00edcolas","isPartOf":{"@id":"https:\/\/tavan.es\/#website"},"datePublished":"2023-09-14T11:47:06+00:00","dateModified":"2023-12-01T07:19:02+00:00","breadcrumb":{"@id":"https:\/\/tavan.es\/politica-de-cookies\/#breadcrumb"},"inLanguage":"en-US","potentialAction":[{"@type":"ReadAction","target":["https:\/\/tavan.es\/politica-de-cookies\/"]}]},{"@type":"BreadcrumbList","@id":"https:\/\/tavan.es\/politica-de-cookies\/#breadcrumb","itemListElement":[{"@type":"ListItem","position":1,"name":"Portada","item":"https:\/\/tavan.es\/"},{"@type":"ListItem","position":2,"name":"Pol\u00edtica de cookies"}]},{"@type":"WebSite","@id":"https:\/\/tavan.es\/#website","url":"https:\/\/tavan.es\/","name":"TAVAN - Advanced Agricultural Technologies","description":"We customize biotechnological solutions to optimize crop yield and sustainability.","publisher":{"@id":"https:\/\/tavan.es\/#organization"},"potentialAction":[{"@type":"SearchAction","target":{"@type":"EntryPoint","urlTemplate":"https:\/\/tavan.es\/?s={search_term_string}"},"query-input":{"@type":"PropertyValueSpecification","valueRequired":true,"valueName":"search_term_string"}}],"inLanguage":"en-US"},{"@type":"Organization","@id":"https:\/\/tavan.es\/#organization","name":"TAVAN - Advanced Agricultural Technologies","url":"https:\/\/tavan.es\/","logo":{"@type":"ImageObject","inLanguage":"en-US","@id":"https:\/\/tavan.es\/#\/schema\/logo\/image\/","url":"https:\/\/tavan.es\/wp-content\/uploads\/2022\/11\/cropped-LOGO-NUEVO-TAVAN-HORIZONTAL-SIN-FONDO.png","contentUrl":"https:\/\/tavan.es\/wp-content\/uploads\/2022\/11\/cropped-LOGO-NUEVO-TAVAN-HORIZONTAL-SIN-FONDO.png","width":470,"height":149,"caption":"TAVAN | Tecnolog\u00edas Avanzadas Agr\u00edcolas"},"image":{"@id":"https:\/\/tavan.es\/#\/schema\/logo\/image\/"}}]}},"_links":{"self":[{"href":"https:\/\/tavan.es\/en\/wp-json\/wp\/v2\/pages\/24930","targetHints":{"allow":["GET"]}}],"collection":[{"href":"https:\/\/tavan.es\/en\/wp-json\/wp\/v2\/pages"}],"about":[{"href":"https:\/\/tavan.es\/en\/wp-json\/wp\/v2\/types\/page"}],"author":[{"embeddable":true,"href":"https:\/\/tavan.es\/en\/wp-json\/wp\/v2\/users\/5"}],"replies":[{"embeddable":true,"href":"https:\/\/tavan.es\/en\/wp-json\/wp\/v2\/comments?post=24930"}],"version-history":[{"count":8,"href":"https:\/\/tavan.es\/en\/wp-json\/wp\/v2\/pages\/24930\/revisions"}],"predecessor-version":[{"id":25065,"href":"https:\/\/tavan.es\/en\/wp-json\/wp\/v2\/pages\/24930\/revisions\/25065"}],"wp:attachment":[{"href":"https:\/\/tavan.es\/en\/wp-json\/wp\/v2\/media?parent=24930"}],"curies":[{"name":"wp","href":"https:\/\/api.w.org\/{rel}","templated":true}]}}